{"id":2376,"date":"2021-09-02T11:02:13","date_gmt":"2021-09-02T11:02:13","guid":{"rendered":"http:\/\/rx1.arkhame-web.com\/?page_id=2376"},"modified":"2025-05-22T11:01:08","modified_gmt":"2025-05-22T11:01:08","slug":"how-it-works","status":"publish","type":"page","link":"https:\/\/rx1nation.com\/en\/rx1-events\/all-star-rx1\/how-it-works\/","title":{"rendered":"How it works"},"content":{"rendered":"<p>[vc_row el_class=&#8221;bloc-page-content-top&#8221;][vc_column width=&#8221;1\/4&#8243; el_class=&#8221;bloc-page-left-menu&#8221;][vc_widget_sidebar sidebar_id=&#8221;sb572_2388vwa&#8221;][vc_widget_sidebar sidebar_id=&#8221;sb572_1918dsn&#8221;][\/vc_column][vc_column width=&#8221;3\/4&#8243; el_class=&#8221;bloc-page-right-content&#8221;][vc_column_text]<\/p>\n<h1 class=\"title-page-h1\">All-Star RX1<br \/>\nHow it works<\/h1>\n<p>[\/vc_column_text][vc_column_text]The All-Star Match is a team competition made up of three-athlete teams, pitting the various regions participating in the Nation Tour against one another.<\/p>\n<p>Athletes from all backgrounds join forces to take on a challenge inspired by the RX1 Nation universe, earning points for their region.<\/p>\n<ul class=\"bloc-licencies-services-ul\">\n<li class=\"bloc-licencies-services-li\">Quebec<\/li>\n<li class=\"bloc-licencies-services-li\">Monteregie<\/li>\n<li class=\"bloc-licencies-services-li\">Gatineau\/Ottawa<\/li>\n<li class=\"bloc-licencies-services-li\">Montreal East\n<ul>\n<li>Sectors of Montreal and the North Shore located east of Highway 15<\/li>\n<\/ul>\n<\/li>\n<li class=\"bloc-licencies-services-li\">Montreal West\n<ul>\n<li>Sectors of Montreal and the North Shore located west of Highway 15, as well as Mont\u00e9r\u00e9gie sectors from Ch\u00e2teauguay westward<\/li>\n<\/ul>\n<\/li>\n<\/ul>\n<p>[\/vc_column_text][vc_column_text el_class=&#8221;row-border-top-descript-licence&#8221;][\/vc_column_text][vc_column_text]<\/p>\n<h2 class=\"title-page-h3 page-licencies-title\" style=\"text-align: center;\"><strong><span style=\"color: #000000;\">New for 2025<\/span><\/strong><\/h2>\n<p style=\"text-align: center;\"><strong><span style=\"font-size: 21px;\">The event is open to everyone!<\/span><\/strong><br \/>\n<strong><span style=\"font-size: 21px;\">No qualification required!<\/span><\/strong><\/p>\n<p>Format: Team of 3 athletes of the same gender (M\/M\/M or F\/F\/F)<\/p>\n<ul>\n<li>Only one registration is required for all 3 participants;<\/li>\n<li>The person who completes the registration will be designated as the team captain;<\/li>\n<li>All 3 athletes must be in the same category (no age group mixing).<\/li>\n<\/ul>\n<table>\n<tbody>\n<tr>\n<td style=\"text-align: center;\">\n<h4><strong>CATEGORIES<\/strong><\/h4>\n<\/td>\n<\/tr>\n<tr>\n<td>\n<h5><span style=\"font-weight: 400;\">Moustique &amp; Benjamin Mixed Category<\/span><\/h5>\n<\/td>\n<\/tr>\n<tr>\n<td>\n<h5><span style=\"font-weight: 400;\">Cadet, Juvenile &amp; Amateur Mixed Category<\/span><\/h5>\n<\/td>\n<\/tr>\n<tr>\n<td>\n<h5><span style=\"font-weight: 400;\">Intermediate<\/span><\/h5>\n<\/td>\n<\/tr>\n<tr>\n<td>\n<h5><span style=\"font-weight: 400;\">Expert<\/span><\/h5>\n<\/td>\n<\/tr>\n<tr>\n<td>\n<h5><span style=\"font-weight: 400;\">Pro<\/span><\/h5>\n<\/td>\n<\/tr>\n<\/tbody>\n<\/table>\n<p>[\/vc_column_text][vc_column_text el_class=&#8221;row-border-top-descript-licence&#8221;][\/vc_column_text][vc_column_text]<\/p>\n<h3 class=\"title-page-h3 page-licencies-title\">Registration<\/h3>\n<p>Register your presence the same day before your departure. We recommend that you check in at least 1 hour before your scheduled departure time.<\/p>\n<h3 class=\"title-page-h3 page-licencies-title\">Course<\/h3>\n<p>The detailed route will be available in the athlete guide.<\/p>\n<h3 class=\"title-page-h3 page-licencies-title\">Participant Guide<\/h3>\n<p>The participant guide will be available Thursday before the the event.<\/p>\n<h3 class=\"title-page-h3 page-licencies-title\">Invitation<\/h3>\n<p>Athletes who finish in first place at the Grand Finale of the Cups will receive an invitation to participate in the All-Star Match free of charge.<\/p>\n<ul>\n<li>Valid for the registration of one athlete on the team only. The other two team members will be responsible for paying the remaining balance of the registration fee;<\/li>\n<li>The athlete must have participated in at least two regular season events to be eligible for the invitation;<\/li>\n<li>Invited athletes who have already paid their registration fees will be reimbursed.<\/li>\n<\/ul>\n<p>[\/vc_column_text][vc_column_text el_class=&#8221;row-border-top-descript-licence&#8221;][\/vc_column_text]<div class=\"grve-element grve-gallery grve-isotope grve-gallery-popup\" style=\"\" data-columns=\"3\" data-columns-tablet-landscape=\"3\" data-columns-tablet-portrait=\"2\" data-columns-mobile=\"2\" data-layout=\"fitRows\">  <div class=\"grve-isotope-container\"><div class=\"grve-isotope-item grve-gallery-item \">  <a href=\"https:\/\/rx1nation.com\/wp-content\/uploads\/2022\/04\/match-des-etoiles-2021.2.jpg\"><div class=\"grve-isotope-item-inner grve-zoomIn\">    <figure class=\"grve-hover-style-1 grve-image-hover grve-zoom-none\">      <div class=\"grve-media\">        <div class=\"grve-hover-overlay grve-bg-light grve-opacity-90\"><\/div><img decoding=\"async\" width=\"600\" height=\"600\" src=\"https:\/\/rx1nation.com\/wp-content\/uploads\/2022\/04\/match-des-etoiles-2021.2-600x600.jpg\" class=\"attachment-blade-grve-small-square size-blade-grve-small-square\" alt=\"\" srcset=\"https:\/\/rx1nation.com\/wp-content\/uploads\/2022\/04\/match-des-etoiles-2021.2-600x600.jpg 600w, https:\/\/rx1nation.com\/wp-content\/uploads\/2022\/04\/match-des-etoiles-2021.2-150x150.jpg 150w, https:\/\/rx1nation.com\/wp-content\/uploads\/2022\/04\/match-des-etoiles-2021.2-1120x1120.jpg 1120w\" sizes=\"(max-width: 600px) 100vw, 600px\" \/>      <\/div>      <figcaption>        <div class=\"grve-gallery-content\"><h6 class=\"grve-title grve-text-dark\">match des \u00e9toiles 2021.2<\/h6>        <\/div>      <\/figcaption>    <\/figure><\/div>  <\/a><\/div><div class=\"grve-isotope-item grve-gallery-item \">  <a href=\"https:\/\/rx1nation.com\/wp-content\/uploads\/2022\/04\/match-des-etoiles-2021.3.jpg\"><div class=\"grve-isotope-item-inner grve-zoomIn\">    <figure class=\"grve-hover-style-1 grve-image-hover grve-zoom-none\">      <div class=\"grve-media\">        <div class=\"grve-hover-overlay grve-bg-light grve-opacity-90\"><\/div><img decoding=\"async\" width=\"600\" height=\"600\" src=\"https:\/\/rx1nation.com\/wp-content\/uploads\/2022\/04\/match-des-etoiles-2021.3-600x600.jpg\" class=\"attachment-blade-grve-small-square size-blade-grve-small-square\" alt=\"\" srcset=\"https:\/\/rx1nation.com\/wp-content\/uploads\/2022\/04\/match-des-etoiles-2021.3-600x600.jpg 600w, https:\/\/rx1nation.com\/wp-content\/uploads\/2022\/04\/match-des-etoiles-2021.3-150x150.jpg 150w, https:\/\/rx1nation.com\/wp-content\/uploads\/2022\/04\/match-des-etoiles-2021.3-1120x1120.jpg 1120w\" sizes=\"(max-width: 600px) 100vw, 600px\" \/>      <\/div>      <figcaption>        <div class=\"grve-gallery-content\"><h6 class=\"grve-title grve-text-dark\">match des \u00e9toiles 2021.3<\/h6>        <\/div>      <\/figcaption>    <\/figure><\/div>  <\/a><\/div><div class=\"grve-isotope-item grve-gallery-item \">  <a href=\"https:\/\/rx1nation.com\/wp-content\/uploads\/2022\/04\/match-des-etoiles-2021.jpg\"><div class=\"grve-isotope-item-inner grve-zoomIn\">    <figure class=\"grve-hover-style-1 grve-image-hover grve-zoom-none\">      <div class=\"grve-media\">        <div class=\"grve-hover-overlay grve-bg-light grve-opacity-90\"><\/div><img decoding=\"async\" width=\"600\" height=\"600\" src=\"https:\/\/rx1nation.com\/wp-content\/uploads\/2022\/04\/match-des-etoiles-2021-600x600.jpg\" class=\"attachment-blade-grve-small-square size-blade-grve-small-square\" alt=\"\" srcset=\"https:\/\/rx1nation.com\/wp-content\/uploads\/2022\/04\/match-des-etoiles-2021-600x600.jpg 600w, https:\/\/rx1nation.com\/wp-content\/uploads\/2022\/04\/match-des-etoiles-2021-150x150.jpg 150w, https:\/\/rx1nation.com\/wp-content\/uploads\/2022\/04\/match-des-etoiles-2021-1120x1120.jpg 1120w\" sizes=\"(max-width: 600px) 100vw, 600px\" \/>      <\/div>      <figcaption>        <div class=\"grve-gallery-content\"><h6 class=\"grve-title grve-text-dark\">match des \u00e9toiles 2021<\/h6>        <\/div>      <\/figcaption>    <\/figure><\/div>  <\/a><\/div>  <\/div><\/div>[\/vc_column][\/vc_row][vc_row bg_type=&#8221;color&#8221; el_class=&#8221;Row-footer-newsletter&#8221; bg_color=&#8221;#000000&#8243; margin_bottom=&#8221;0px&#8221;][vc_column width=&#8221;1\/3&#8243; el_class=&#8221;Row-footer-newsletter-left&#8221;][vc_widget_sidebar sidebar_id=&#8221;sb572_1707ruf&#8221;][\/vc_column][vc_column width=&#8221;2\/3&#8243; el_class=&#8221;Row-footer-newsletter-right&#8221;][vc_widget_sidebar sidebar_id=&#8221;sb58_2600rlm&#8221;][\/vc_column][\/vc_row][vc_row bg_type=&#8221;image&#8221; bg_image=&#8221;52&#8243; bg_position=&#8221;left-center&#8221; el_class=&#8221;Footer-bottom-top&#8221; margin_bottom=&#8221;0px&#8221;][vc_column][vc_row_inner][vc_column_inner el_class=&#8221;bloc-footer-top-0&#8243; width=&#8221;1\/5&#8243;][vc_widget_sidebar sidebar_id=&#8221;sb572_944fze&#8221;][\/vc_column_inner][vc_column_inner el_class=&#8221;bloc-footer-top-1&#8243; width=&#8221;1\/5&#8243;][vc_widget_sidebar sidebar_id=&#8221;sb572_1137bpr&#8221;][\/vc_column_inner][vc_column_inner el_class=&#8221;bloc-footer-top-2&#8243; width=&#8221;1\/5&#8243;][vc_widget_sidebar sidebar_id=&#8221;sb572_1012xae&#8221;][\/vc_column_inner][vc_column_inner el_class=&#8221;bloc-footer-top-3&#8243; width=&#8221;1\/5&#8243;][vc_widget_sidebar sidebar_id=&#8221;sb572_1227pqy&#8221;][\/vc_column_inner][vc_column_inner el_class=&#8221;bloc-footer-top-4&#8243; width=&#8221;1\/5&#8243;][vc_widget_sidebar sidebar_id=&#8221;sb572_1303qed&#8221;][\/vc_column_inner][\/vc_row_inner][vc_empty_space height=&#8221;40px&#8221;][vc_row_inner el_class=&#8221;bloc-border-footer-all-desktop&#8221;][vc_column_inner el_class=&#8221;bloc-border-footer-all-desktop-1&#8243; width=&#8221;1\/5&#8243;][vc_empty_space height=&#8221;1px&#8221;][\/vc_column_inner][vc_column_inner el_class=&#8221;bloc-footer-border resp-hidden-border&#8221; width=&#8221;1\/5&#8243;][vc_empty_space height=&#8221;1px&#8221;][\/vc_column_inner][vc_column_inner el_class=&#8221;bloc-footer-border resp-hidden-border&#8221; width=&#8221;1\/5&#8243;][vc_empty_space height=&#8221;1px&#8221;][\/vc_column_inner][vc_column_inner el_class=&#8221;bloc-footer-border resp-hidden-border&#8221; width=&#8221;1\/5&#8243;][vc_empty_space height=&#8221;1px&#8221;][\/vc_column_inner][vc_column_inner el_class=&#8221;bloc-footer-border&#8221; width=&#8221;1\/5&#8243;][vc_empty_space height=&#8221;1px&#8221;][\/vc_column_inner][\/vc_row_inner][vc_row_inner el_class=&#8221;bloc-border-footer-all-responsive&#8221;][vc_column_inner css=&#8221;.vc_custom_1620994253975{border-bottom-width: 1px !important;border-bottom-color: #ffffff !important;border-bottom-style: solid !important;}&#8221;]<div class=\"grve-element grve-image grve-align-center\" style=\"\"><img decoding=\"async\" width=\"902\" height=\"3\" src=\"https:\/\/rx1nation.com\/wp-content\/uploads\/2021\/05\/border-white-responsive.png\" class=\"grve-full-image attachment-full size-full\" alt=\"\" srcset=\"https:\/\/rx1nation.com\/wp-content\/uploads\/2021\/05\/border-white-responsive.png 1x,https:\/\/rx1nation.com\/wp-content\/uploads\/2021\/05\/border-white-responsive.png 2x\" \/><\/div>[\/vc_column_inner][\/vc_row_inner][vc_empty_space height=&#8221;40px&#8221;][vc_row_inner el_class=&#8221;bloc-partenaires-footer&#8221;][vc_column_inner el_class=&#8221;footer-partenaires-logo-1&#8243; width=&#8221;1\/5&#8243;][vc_widget_sidebar sidebar_id=&#8221;sb58_2756ktb&#8221;][\/vc_column_inner][vc_column_inner el_class=&#8221;footer-partenaires-logo-2&#8243; width=&#8221;1\/5&#8243;][vc_widget_sidebar sidebar_id=&#8221;sb572_767jtf&#8221;][\/vc_column_inner][vc_column_inner el_class=&#8221;footer-partenaires-logo-3&#8243; width=&#8221;1\/5&#8243;][vc_widget_sidebar sidebar_id=&#8221;sb572_858xdf&#8221;][\/vc_column_inner][vc_column_inner el_class=&#8221;footer-partenaires-logo-4&#8243; width=&#8221;1\/5&#8243;][vc_widget_sidebar sidebar_id=&#8221;sb583_3069mvr&#8221;][\/vc_column_inner][vc_column_inner el_class=&#8221;footer-partenaires-logo-5&#8243; width=&#8221;1\/5&#8243;][vc_widget_sidebar sidebar_id=&#8221;sb583_3166jrl&#8221;][\/vc_column_inner][\/vc_row_inner][\/vc_column][\/vc_row][vc_row bg_type=&#8221;color&#8221; footer_feature=&#8221;yes&#8221; font_color=&#8221;#ffffff&#8221; bg_color=&#8221;#000000&#8243; margin_bottom=&#8221;0px&#8221; el_class=&#8221;footer-bottom-row-padding&#8221;][vc_column width=&#8221;1\/5&#8243; el_class=&#8221;footer-bottom-row-single-0&#8243;][vc_widget_sidebar sidebar_id=&#8221;sb572_587sqv&#8221;][\/vc_column][vc_column width=&#8221;1\/5&#8243; el_class=&#8221;footer-bottom-row-single-1&#8243;][vc_widget_sidebar sidebar_id=&#8221;sb572_119znb&#8221;][\/vc_column][vc_column width=&#8221;1\/5&#8243; el_class=&#8221;footer-bottom-row-single-2&#8243;][vc_widget_sidebar sidebar_id=&#8221;sb572_258uho&#8221;][\/vc_column][vc_column width=&#8221;1\/5&#8243; el_class=&#8221;footer-bottom-row-single-3&#8243;][vc_widget_sidebar sidebar_id=&#8221;sb572_317lvi&#8221;][\/vc_column][vc_column width=&#8221;1\/5&#8243; el_class=&#8221;footer-bottom-row-single-4&#8243;][vc_widget_sidebar sidebar_id=&#8221;sb572_484xfq&#8221;][\/vc_column][\/vc_row]<\/p>\n","protected":false},"excerpt":{"rendered":"<p>[vc_row el_class=&#8221;bloc-page-content-top&#8221;][vc_column width=&#8221;1\/4&#8243; el_class=&#8221;bloc-page-left-menu&#8221;][vc_widget_sidebar sidebar_id=&#8221;sb572_2388vwa&#8221;][vc_widget_sidebar sidebar_id=&#8221;sb572_1918dsn&#8221;][\/vc_column][vc_column width=&#8221;3\/4&#8243; el_class=&#8221;bloc-page-right-content&#8221;][vc_column_text] All-Star RX1 How it works [\/vc_column_text][vc_column_text]The All-Star Match is a team competition made up of three-athlete teams, pitting the various regions participating in the Nation Tour against one another. Athletes from all backgrounds join forces to take on a challenge inspired by the RX1 Nation universe, earning [&hellip;]<\/p>\n","protected":false},"author":1,"featured_media":0,"parent":2372,"menu_order":0,"comment_status":"closed","ping_status":"closed","template":"","meta":{"footnotes":""},"categories":[56,51],"tags":[],"class_list":["post-2376","page","type-page","status-publish","hentry","category-all-star-rx1","category-rx1-events"],"yoast_head":"<!-- This site is optimized with the Yoast SEO plugin v27.1.1 - https:\/\/yoast.com\/product\/yoast-seo-wordpress\/ -->\n<title>How it works - RX1 NATION<\/title>\n<meta name=\"robots\" content=\"index, follow, max-snippet:-1, max-image-preview:large, max-video-preview:-1\" \/>\n<link rel=\"canonical\" href=\"https:\/\/rx1nation.com\/evenements-rx1\/match-des-etoiles-rx1\/deroulement\/\" \/>\n<meta property=\"og:locale\" content=\"en_US\" \/>\n<meta property=\"og:type\" content=\"article\" \/>\n<meta property=\"og:title\" content=\"How it works - RX1 NATION\" \/>\n<meta property=\"og:description\" content=\"[vc_row el_class=&#8221;bloc-page-content-top&#8221;][vc_column width=&#8221;1\/4&#8243; el_class=&#8221;bloc-page-left-menu&#8221;][vc_widget_sidebar sidebar_id=&#8221;sb572_2388vwa&#8221;][vc_widget_sidebar sidebar_id=&#8221;sb572_1918dsn&#8221;][\/vc_column][vc_column width=&#8221;3\/4&#8243; el_class=&#8221;bloc-page-right-content&#8221;][vc_column_text] All-Star RX1 How it works [\/vc_column_text][vc_column_text]The All-Star Match is a team competition made up of three-athlete teams, pitting the various regions participating in the Nation Tour against one another. Athletes from all backgrounds join forces to take on a challenge inspired by the RX1 Nation universe, earning [&hellip;]\" \/>\n<meta property=\"og:url\" content=\"https:\/\/rx1nation.com\/evenements-rx1\/match-des-etoiles-rx1\/deroulement\/\" \/>\n<meta property=\"og:site_name\" content=\"RX1 NATION\" \/>\n<meta property=\"article:modified_time\" content=\"2025-05-22T11:01:08+00:00\" \/>\n<meta name=\"twitter:card\" content=\"summary_large_image\" \/>\n<meta name=\"twitter:label1\" content=\"Est. reading time\" \/>\n\t<meta name=\"twitter:data1\" content=\"3 minutes\" \/>\n<script type=\"application\/ld+json\" class=\"yoast-schema-graph\">{\"@context\":\"https:\/\/schema.org\",\"@graph\":[{\"@type\":\"WebPage\",\"@id\":\"https:\/\/rx1nation.com\/evenements-rx1\/match-des-etoiles-rx1\/deroulement\/\",\"url\":\"https:\/\/rx1nation.com\/evenements-rx1\/match-des-etoiles-rx1\/deroulement\/\",\"name\":\"How it works - RX1 NATION\",\"isPartOf\":{\"@id\":\"https:\/\/rx1nation.com\/#website\"},\"datePublished\":\"2021-09-02T11:02:13+00:00\",\"dateModified\":\"2025-05-22T11:01:08+00:00\",\"breadcrumb\":{\"@id\":\"https:\/\/rx1nation.com\/evenements-rx1\/match-des-etoiles-rx1\/deroulement\/#breadcrumb\"},\"inLanguage\":\"en-US\",\"potentialAction\":[{\"@type\":\"ReadAction\",\"target\":[\"https:\/\/rx1nation.com\/evenements-rx1\/match-des-etoiles-rx1\/deroulement\/\"]}]},{\"@type\":\"BreadcrumbList\",\"@id\":\"https:\/\/rx1nation.com\/evenements-rx1\/match-des-etoiles-rx1\/deroulement\/#breadcrumb\",\"itemListElement\":[{\"@type\":\"ListItem\",\"position\":1,\"name\":\"Accueil\",\"item\":\"https:\/\/rx1nation.com\/en\/\"},{\"@type\":\"ListItem\",\"position\":2,\"name\":\"RX1 Events\",\"item\":\"https:\/\/rx1nation.com\/en\/rx1-events\/\"},{\"@type\":\"ListItem\",\"position\":3,\"name\":\"All-Star RX1\",\"item\":\"https:\/\/rx1nation.com\/en\/rx1-events\/all-star-rx1\/\"},{\"@type\":\"ListItem\",\"position\":4,\"name\":\"How it works\"}]},{\"@type\":\"WebSite\",\"@id\":\"https:\/\/rx1nation.com\/#website\",\"url\":\"https:\/\/rx1nation.com\/\",\"name\":\"RX1 NATION\",\"description\":\"\u00c9v\u00e9nements sportifs\",\"potentialAction\":[{\"@type\":\"SearchAction\",\"target\":{\"@type\":\"EntryPoint\",\"urlTemplate\":\"https:\/\/rx1nation.com\/?s={search_term_string}\"},\"query-input\":{\"@type\":\"PropertyValueSpecification\",\"valueRequired\":true,\"valueName\":\"search_term_string\"}}],\"inLanguage\":\"en-US\"}]}<\/script>\n<!-- \/ Yoast SEO plugin. -->","yoast_head_json":{"title":"How it works - RX1 NATION","robots":{"index":"index","follow":"follow","max-snippet":"max-snippet:-1","max-image-preview":"max-image-preview:large","max-video-preview":"max-video-preview:-1"},"canonical":"https:\/\/rx1nation.com\/evenements-rx1\/match-des-etoiles-rx1\/deroulement\/","og_locale":"en_US","og_type":"article","og_title":"How it works - RX1 NATION","og_description":"[vc_row el_class=&#8221;bloc-page-content-top&#8221;][vc_column width=&#8221;1\/4&#8243; el_class=&#8221;bloc-page-left-menu&#8221;][vc_widget_sidebar sidebar_id=&#8221;sb572_2388vwa&#8221;][vc_widget_sidebar sidebar_id=&#8221;sb572_1918dsn&#8221;][\/vc_column][vc_column width=&#8221;3\/4&#8243; el_class=&#8221;bloc-page-right-content&#8221;][vc_column_text] All-Star RX1 How it works [\/vc_column_text][vc_column_text]The All-Star Match is a team competition made up of three-athlete teams, pitting the various regions participating in the Nation Tour against one another. Athletes from all backgrounds join forces to take on a challenge inspired by the RX1 Nation universe, earning [&hellip;]","og_url":"https:\/\/rx1nation.com\/evenements-rx1\/match-des-etoiles-rx1\/deroulement\/","og_site_name":"RX1 NATION","article_modified_time":"2025-05-22T11:01:08+00:00","twitter_card":"summary_large_image","twitter_misc":{"Est. reading time":"3 minutes"},"schema":{"@context":"https:\/\/schema.org","@graph":[{"@type":"WebPage","@id":"https:\/\/rx1nation.com\/evenements-rx1\/match-des-etoiles-rx1\/deroulement\/","url":"https:\/\/rx1nation.com\/evenements-rx1\/match-des-etoiles-rx1\/deroulement\/","name":"How it works - RX1 NATION","isPartOf":{"@id":"https:\/\/rx1nation.com\/#website"},"datePublished":"2021-09-02T11:02:13+00:00","dateModified":"2025-05-22T11:01:08+00:00","breadcrumb":{"@id":"https:\/\/rx1nation.com\/evenements-rx1\/match-des-etoiles-rx1\/deroulement\/#breadcrumb"},"inLanguage":"en-US","potentialAction":[{"@type":"ReadAction","target":["https:\/\/rx1nation.com\/evenements-rx1\/match-des-etoiles-rx1\/deroulement\/"]}]},{"@type":"BreadcrumbList","@id":"https:\/\/rx1nation.com\/evenements-rx1\/match-des-etoiles-rx1\/deroulement\/#breadcrumb","itemListElement":[{"@type":"ListItem","position":1,"name":"Accueil","item":"https:\/\/rx1nation.com\/en\/"},{"@type":"ListItem","position":2,"name":"RX1 Events","item":"https:\/\/rx1nation.com\/en\/rx1-events\/"},{"@type":"ListItem","position":3,"name":"All-Star RX1","item":"https:\/\/rx1nation.com\/en\/rx1-events\/all-star-rx1\/"},{"@type":"ListItem","position":4,"name":"How it works"}]},{"@type":"WebSite","@id":"https:\/\/rx1nation.com\/#website","url":"https:\/\/rx1nation.com\/","name":"RX1 NATION","description":"\u00c9v\u00e9nements sportifs","potentialAction":[{"@type":"SearchAction","target":{"@type":"EntryPoint","urlTemplate":"https:\/\/rx1nation.com\/?s={search_term_string}"},"query-input":{"@type":"PropertyValueSpecification","valueRequired":true,"valueName":"search_term_string"}}],"inLanguage":"en-US"}]}},"_links":{"self":[{"href":"https:\/\/rx1nation.com\/en\/wp-json\/wp\/v2\/pages\/2376","targetHints":{"allow":["GET"]}}],"collection":[{"href":"https:\/\/rx1nation.com\/en\/wp-json\/wp\/v2\/pages"}],"about":[{"href":"https:\/\/rx1nation.com\/en\/wp-json\/wp\/v2\/types\/page"}],"author":[{"embeddable":true,"href":"https:\/\/rx1nation.com\/en\/wp-json\/wp\/v2\/users\/1"}],"replies":[{"embeddable":true,"href":"https:\/\/rx1nation.com\/en\/wp-json\/wp\/v2\/comments?post=2376"}],"version-history":[{"count":32,"href":"https:\/\/rx1nation.com\/en\/wp-json\/wp\/v2\/pages\/2376\/revisions"}],"predecessor-version":[{"id":15755,"href":"https:\/\/rx1nation.com\/en\/wp-json\/wp\/v2\/pages\/2376\/revisions\/15755"}],"up":[{"embeddable":true,"href":"https:\/\/rx1nation.com\/en\/wp-json\/wp\/v2\/pages\/2372"}],"wp:attachment":[{"href":"https:\/\/rx1nation.com\/en\/wp-json\/wp\/v2\/media?parent=2376"}],"wp:term":[{"taxonomy":"category","embeddable":true,"href":"https:\/\/rx1nation.com\/en\/wp-json\/wp\/v2\/categories?post=2376"},{"taxonomy":"post_tag","embeddable":true,"href":"https:\/\/rx1nation.com\/en\/wp-json\/wp\/v2\/tags?post=2376"}],"curies":[{"name":"wp","href":"https:\/\/api.w.org\/{rel}","templated":true}]}}